{"id":32,"date":"2022-02-09T15:18:54","date_gmt":"2022-02-09T13:18:54","guid":{"rendered":"https:\/\/mat.uab.cat\/web\/seminarianalisi\/?page_id=32"},"modified":"2023-04-25T18:59:12","modified_gmt":"2023-04-25T16:59:12","slug":"links","status":"publish","type":"page","link":"https:\/\/mat.uab.cat\/web\/seminarianalisi\/links\/","title":{"rendered":"LINKS"},"content":{"rendered":"<div class=\"entry-content\">\n<ul>\n<li><a href=\"https:\/\/uab.cat\/matematiques\">Departament de Matem\u00e0tiques, UAB<\/a><\/li>\n<li><a href=\"http:\/\/www.mat.ub.es\/\">Facultat de Matem\u00e0tiques i Inform\u00e0tica, UB<\/a><\/li>\n<li><a href=\"http:\/\/fme.upc.edu\/\">Facultat de Matem\u00e0tiques i Estad\u00edstica, UPC<\/a><\/li>\n<li><a href=\"http:\/\/www.crm.cat\/en\/Pages\/default.aspx\">CRM<\/a><\/li>\n<li><a href=\"http:\/\/www.imub.ub.edu\/\">IMUB<\/a><\/li>\n<li><a href=\"https:\/\/imtech.upc.edu\/en\">IMTech<\/a><\/li>\n<li><a href=\"http:\/\/www.bgsmath.cat\/\">Barcelona Graduate School of Mathematics<\/a><\/li>\n<li><a href=\"http:\/\/blogs.iec.cat\/scm\/\">Societat Catalana de Matem\u00e0tiques<\/a><\/li>\n<li><a href=\"http:\/\/www.icrea.cat\/web\/home.aspx\">ICREA<\/a><\/li>\n<li><a href=\"http:\/\/www.rsme.es\/\">Real Sociedad Matem\u00e1tica Espa\u00f1ola\u00a0<\/a><\/li>\n<\/ul>\n<p>PREVIOUS YEARS (under construction)<\/p>\n<p>1995-96, 1996-97, 1997-98, 1998-99, 1999-00, 2000-01, 2001-02,\u00a02002-03,\u00a02003-04, 2004-05,\u00a02005-06, 2006-07, 2007-08,\u00a02008-09, 2009-10,\u00a02010-11, 2011-12, 2012-13, 2013-14, 2014-15, 2015-16, 2016-17, 2017-18, 2018-19, 2019-20, 2020-21<\/p>\n<\/div>\n","protected":false},"excerpt":{"rendered":"<p>Departament de Matem\u00e0tiques, UAB Facultat de Matem\u00e0tiques i Inform\u00e0tica, UB Facultat de Matem\u00e0tiques i Estad\u00edstica, UPC CRM IMUB IMTech Barcelona Graduate School of Mathematics Societat Catalana de Matem\u00e0tiques ICREA Real Sociedad Matem\u00e1tica Espa\u00f1ola\u00a0 PREVIOUS YEARS (under construction) 1995-96, 1996-97, 1997-98, 1998-99, 1999-00, 2000-01, 2001-02,\u00a02002-03,\u00a02003-04, 2004-05,\u00a02005-06, 2006-07, 2007-08,\u00a02008-09, 2009-10,\u00a02010-11, 2011-12, 2012-13, 2013-14, 2014-15, 2015-16, 2016-17, 2017-18, [&hellip;]<\/p>\n","protected":false},"author":1,"featured_media":0,"parent":0,"menu_order":0,"comment_status":"closed","ping_status":"closed","template":"","meta":{"footnotes":""},"class_list":["post-32","page","type-page","status-publish","hentry"],"_links":{"self":[{"href":"https:\/\/mat.uab.cat\/web\/seminarianalisi\/wp-json\/wp\/v2\/pages\/32","targetHints":{"allow":["GET"]}}],"collection":[{"href":"https:\/\/mat.uab.cat\/web\/seminarianalisi\/wp-json\/wp\/v2\/pages"}],"about":[{"href":"https:\/\/mat.uab.cat\/web\/seminarianalisi\/wp-json\/wp\/v2\/types\/page"}],"author":[{"embeddable":true,"href":"https:\/\/mat.uab.cat\/web\/seminarianalisi\/wp-json\/wp\/v2\/users\/1"}],"replies":[{"embeddable":true,"href":"https:\/\/mat.uab.cat\/web\/seminarianalisi\/wp-json\/wp\/v2\/comments?post=32"}],"version-history":[{"count":2,"href":"https:\/\/mat.uab.cat\/web\/seminarianalisi\/wp-json\/wp\/v2\/pages\/32\/revisions"}],"predecessor-version":[{"id":722,"href":"https:\/\/mat.uab.cat\/web\/seminarianalisi\/wp-json\/wp\/v2\/pages\/32\/revisions\/722"}],"wp:attachment":[{"href":"https:\/\/mat.uab.cat\/web\/seminarianalisi\/wp-json\/wp\/v2\/media?parent=32"}],"curies":[{"name":"wp","href":"https:\/\/api.w.org\/{rel}","templated":true}]}}