{"id":148,"date":"2025-06-30T09:09:41","date_gmt":"2025-06-30T08:09:41","guid":{"rendered":"https:\/\/mat.uab.cat\/web\/tfg\/?page_id=148"},"modified":"2025-06-30T09:11:21","modified_gmt":"2025-06-30T08:11:21","slug":"ordre-alfabetic-2","status":"publish","type":"page","link":"https:\/\/mat.uab.cat\/web\/tfg\/totes-les-propostes\/ordre-alfabetic-2\/","title":{"rendered":"Ordre alfab\u00e8tic"},"content":{"rendered":"<ul class=\"wp-block-latest-posts__list aligncenter wp-block-latest-posts\"><li><a class=\"wp-block-latest-posts__post-title\" href=\"https:\/\/mat.uab.cat\/web\/tfg\/algebres-de-camins-de-leavitt\/\">\u00c0lgebres de camins de Leavitt<\/a><\/li>\n<li><a class=\"wp-block-latest-posts__post-title\" href=\"https:\/\/mat.uab.cat\/web\/tfg\/algebres-de-quocients-dalgebres-de-lie\/\">\u00c0lgebres de quocients d&#8217;\u00e0lgebres de Lie<\/a><\/li>\n<li><a class=\"wp-block-latest-posts__post-title\" href=\"https:\/\/mat.uab.cat\/web\/tfg\/ampliacio-llibreria-per-codis-no-lineals-en-magma\/\">Ampliaci\u00f3 llibreria per codis no lineals en Magma<\/a><\/li>\n<li><a class=\"wp-block-latest-posts__post-title\" href=\"https:\/\/mat.uab.cat\/web\/tfg\/analisi-harmonica-en-lespai-euclidia\/\">An\u00e0lisi harm\u00f2nica en l&#8217;espai Euclidi\u00e0<\/a><\/li>\n<li><a class=\"wp-block-latest-posts__post-title\" href=\"https:\/\/mat.uab.cat\/web\/tfg\/analisi-harmonica-i-geometria-fractal\/\">An\u00e0lisi harm\u00f2nica i geometria fractal<\/a><\/li>\n<li><a class=\"wp-block-latest-posts__post-title\" href=\"https:\/\/mat.uab.cat\/web\/tfg\/aritmetica-de-corbes-planes-no-singulars\/\">Aritm\u00e8tica de corbes planes no singulars.<\/a><\/li>\n<li><a class=\"wp-block-latest-posts__post-title\" href=\"https:\/\/mat.uab.cat\/web\/tfg\/les-capacitats-simplectiques-i-la-conjectura-de-viterbo\/\">Camell simpl\u00e8ctic i conjectura de Viterbo<\/a><\/li>\n<li><a class=\"wp-block-latest-posts__post-title\" href=\"https:\/\/mat.uab.cat\/web\/tfg\/commutadors-en-anells-i-algebres\/\">Commutadors en anells i \u00e0lgebres<\/a><\/li>\n<li><a class=\"wp-block-latest-posts__post-title\" href=\"https:\/\/mat.uab.cat\/web\/tfg\/construccio-de-funcions-l-p-adiques\/\">Construcci\u00f3 de funcions-L p-\u00e0diques<\/a><\/li>\n<li><a class=\"wp-block-latest-posts__post-title\" href=\"https:\/\/mat.uab.cat\/web\/tfg\/573-2\/\">El problema de matrius complexes de Halmos<\/a><\/li>\n<li><a class=\"wp-block-latest-posts__post-title\" href=\"https:\/\/mat.uab.cat\/web\/tfg\/el-problema-de-muskat\/\">El problema de Muskat<\/a><\/li>\n<li><a class=\"wp-block-latest-posts__post-title\" href=\"https:\/\/mat.uab.cat\/web\/tfg\/el-teorema-de-kolmogorov-seliverstov-plessner\/\">El Teorema de Kolmogorov-Seliverstov-Plessner<\/a><\/li>\n<li><a class=\"wp-block-latest-posts__post-title\" href=\"https:\/\/mat.uab.cat\/web\/tfg\/equacions-en-derivades-parcials-i-teoria-geometrica-de-la-mesura\/\">Equacions en derivades parcials i Teoria geom\u00e8trica de la mesura<\/a><\/li>\n<li><a class=\"wp-block-latest-posts__post-title\" href=\"https:\/\/mat.uab.cat\/web\/tfg\/es-la-suma-definible-a-partir-de-la-multiplicacio-i-el-successor\/\">\u00c9s la suma definible a partir de la multiplicaci\u00f3 i el successor?<\/a><\/li>\n<li><a class=\"wp-block-latest-posts__post-title\" href=\"https:\/\/mat.uab.cat\/web\/tfg\/espais-de-funcions-invariants-per-reordenacio\/\">Espais de funcions invariants per reordenaci\u00f3<\/a><\/li>\n<li><a class=\"wp-block-latest-posts__post-title\" href=\"https:\/\/mat.uab.cat\/web\/tfg\/espais-de-sobolev-i-desigualtats-de-sobolev\/\">Espais de Sobolev i desigualtats de Sobolev<\/a><\/li>\n<li><a class=\"wp-block-latest-posts__post-title\" href=\"https:\/\/mat.uab.cat\/web\/tfg\/especies-competidores-i-homeomorfismes-del-disc\/\">Esp\u00e8cies competidores i homeomorfismes del disc<\/a><\/li>\n<li><a class=\"wp-block-latest-posts__post-title\" href=\"https:\/\/mat.uab.cat\/web\/tfg\/estructures-de-poisson-reescrivint-fm%c2%b7a\/\">Estructures de Poisson, reescrivint F=m\u00b7a<\/a><\/li>\n<li><a class=\"wp-block-latest-posts__post-title\" href=\"https:\/\/mat.uab.cat\/web\/tfg\/estudi-dels-sistemes-diferencials-quadratics-amb-un-focus-feble-i-un-segon-punt-singular-feble-2\/\">Estudi dels sistemes diferencials quadr\u00e0tics amb dos sella-nodes al infinit de tipus (1,1).<\/a><\/li>\n<li><a class=\"wp-block-latest-posts__post-title\" href=\"https:\/\/mat.uab.cat\/web\/tfg\/estudi-dels-sistemes-diferencials-quadratics-amb-un-focus-feble-i-un-segon-punt-singular-feble\/\">Estudi dels sistemes diferencials quadr\u00e0tics amb un focus feble i un segon punt singular feble<\/a><\/li>\n<li><a class=\"wp-block-latest-posts__post-title\" href=\"https:\/\/mat.uab.cat\/web\/tfg\/estudi-dinamic-de-laplicacio-logistica\/\">Estudi din\u00e0mic de l&#8217;aplicaci\u00f3 log\u00edstica<\/a><\/li>\n<li><a class=\"wp-block-latest-posts__post-title\" href=\"https:\/\/mat.uab.cat\/web\/tfg\/feynmans-lost-lecture\/\">Feynman\u2019s lost lecture<\/a><\/li>\n<li><a class=\"wp-block-latest-posts__post-title\" href=\"https:\/\/mat.uab.cat\/web\/tfg\/formalizacio-de-series-formals-restringides\/\">Formalizaci\u00f3 de series formals restringides<\/a><\/li>\n<li><a class=\"wp-block-latest-posts__post-title\" href=\"https:\/\/mat.uab.cat\/web\/tfg\/geodesiques-en-quadriques\/\">Geod\u00e8siques en qu\u00e0driques<\/a><\/li>\n<li><a class=\"wp-block-latest-posts__post-title\" href=\"https:\/\/mat.uab.cat\/web\/tfg\/geometria-de-webs\/\">Geometria de webs<\/a><\/li>\n<li><a class=\"wp-block-latest-posts__post-title\" href=\"https:\/\/mat.uab.cat\/web\/tfg\/geometria-generalitzada-i-estructures-de-dirac\/\">Geometria generalitzada i estructures de Dirac<\/a><\/li>\n<li><a class=\"wp-block-latest-posts__post-title\" href=\"https:\/\/mat.uab.cat\/web\/tfg\/grau-topologic-i-series-de-fourier\/\">Grau topol\u00f2gic i s\u00e8ries de Fourier<\/a><\/li>\n<li><a class=\"wp-block-latest-posts__post-title\" href=\"https:\/\/mat.uab.cat\/web\/tfg\/grups-classics-versus-grups-excepcionals\/\">Grups cl\u00e0ssics versus grups excepcionals<\/a><\/li>\n<li><a class=\"wp-block-latest-posts__post-title\" href=\"https:\/\/mat.uab.cat\/web\/tfg\/grups-geometria-i-dinamica\/\">Grups, geometria i din\u00e0mica.<\/a><\/li>\n<li><a class=\"wp-block-latest-posts__post-title\" href=\"https:\/\/mat.uab.cat\/web\/tfg\/inclusions-de-rang-estable-1\/\">Inclusions de rang estable 1<\/a><\/li>\n<li><a class=\"wp-block-latest-posts__post-title\" href=\"https:\/\/mat.uab.cat\/web\/tfg\/integrals-de-borwein\/\">Integrals de Borwein<\/a><\/li>\n<li><a class=\"wp-block-latest-posts__post-title\" href=\"https:\/\/mat.uab.cat\/web\/tfg\/interpolacio-doperadors\/\">Interpolaci\u00f3 d&#8217;Operadors<\/a><\/li>\n<li><a class=\"wp-block-latest-posts__post-title\" href=\"https:\/\/mat.uab.cat\/web\/tfg\/introduccio-a-la-geometria-algebraica\/\">Introducci\u00f3 a la geometria algebraica<\/a><\/li>\n<li><a class=\"wp-block-latest-posts__post-title\" href=\"https:\/\/mat.uab.cat\/web\/tfg\/introduccio-als-fractals\/\">Introducci\u00f3 als fractals<\/a><\/li>\n<li><a class=\"wp-block-latest-posts__post-title\" href=\"https:\/\/mat.uab.cat\/web\/tfg\/lendecagon-regular-construible-amb-regle-marcat-i-compas-des-de-2014\/\">L&#8217;endec\u00e0gon regular, constru\u00efble amb regle marcat i comp\u00e0s des de 2014<\/a><\/li>\n<li><a class=\"wp-block-latest-posts__post-title\" href=\"https:\/\/mat.uab.cat\/web\/tfg\/la-funcio-zeta-de-carlitz\/\">La funci\u00f3 zeta de Carlitz<\/a><\/li>\n<li><a class=\"wp-block-latest-posts__post-title\" href=\"https:\/\/mat.uab.cat\/web\/tfg\/la-misteriosa-llei-de-benford\/\">La misteriosa llei de Benford<\/a><\/li>\n<li><a class=\"wp-block-latest-posts__post-title\" href=\"https:\/\/mat.uab.cat\/web\/tfg\/les-integrals-parcials-de-fourier-i-la-transformada-de-hilbert\/\">Les integrals parcials de Fourier i la transformada de Hilbert<\/a><\/li>\n<li><a class=\"wp-block-latest-posts__post-title\" href=\"https:\/\/mat.uab.cat\/web\/tfg\/linia-tematica-modelitzacio-estocastica\/\">L\u00ednia tem\u00e0tica: Modelitzaci\u00f3 estoc\u00e0stica<\/a><\/li>\n<li><a class=\"wp-block-latest-posts__post-title\" href=\"https:\/\/mat.uab.cat\/web\/tfg\/linia-tematica-topologia-topologia-algebraica\/\">L\u00ednia tem\u00e0tica: Topologia, Topologia Algebraica.<\/a><\/li>\n<li><a class=\"wp-block-latest-posts__post-title\" href=\"https:\/\/mat.uab.cat\/web\/tfg\/mathematical-omnibus\/\">Mathematical Omnibus<\/a><\/li>\n<li><a class=\"wp-block-latest-posts__post-title\" href=\"https:\/\/mat.uab.cat\/web\/tfg\/matrius-enteres-un-univers-parallel-inesperat\/\">Matrius enteres, un univers paral\u00b7lel inesperat<\/a><\/li>\n<li><a class=\"wp-block-latest-posts__post-title\" href=\"https:\/\/mat.uab.cat\/web\/tfg\/mesura-harmonica\/\">Mesura harm\u00f2nica<\/a><\/li>\n<li><a class=\"wp-block-latest-posts__post-title\" href=\"https:\/\/mat.uab.cat\/web\/tfg\/mesures-doblants-i-pesos-de-muckenhoupt\/\">Mesures doblants i pesos de Muckenhoupt<\/a><\/li>\n<li><a class=\"wp-block-latest-posts__post-title\" href=\"https:\/\/mat.uab.cat\/web\/tfg\/moduls-de-drinfeld\/\">M\u00f2duls de Drinfeld<\/a><\/li>\n<li><a class=\"wp-block-latest-posts__post-title\" href=\"https:\/\/mat.uab.cat\/web\/tfg\/normalitzador-de-grups-aritmetics-de-psl_2z-dins-psl_2r\/\">Normalitzador de grups aritm\u00e8tics de PSL_2(Z) dins PSL_2(R)<\/a><\/li>\n<li><a class=\"wp-block-latest-posts__post-title\" href=\"https:\/\/mat.uab.cat\/web\/tfg\/ones-de-xoc-en-equacions-de-transport\/\">Ones de xoc en equacions de transport<\/a><\/li>\n<li><a class=\"wp-block-latest-posts__post-title\" href=\"https:\/\/mat.uab.cat\/web\/tfg\/politops-machine-learning-i-la-conjectura-de-hirsch\/\">Pol\u00edtops, machine learning i la conjectura de Hirsch<\/a><\/li>\n<li><a class=\"wp-block-latest-posts__post-title\" href=\"https:\/\/mat.uab.cat\/web\/tfg\/probabilitat-i-cromos-quants-paquets-calen-per-completar-lalbum\/\">Probabilitat i cromos: quants paquets calen per completar l&#8217;\u00e0lbum?<\/a><\/li>\n<li><a class=\"wp-block-latest-posts__post-title\" href=\"https:\/\/mat.uab.cat\/web\/tfg\/ramanujan-machine-generant-conjectures-amb-ia\/\">Ramanujan machine: generant conjectures amb IA<\/a><\/li>\n<li><a class=\"wp-block-latest-posts__post-title\" href=\"https:\/\/mat.uab.cat\/web\/tfg\/rang-real-zero-per-algebres-doperadors\/\">Rang real zero per \u00e0lgebres d&#8217;operadors<\/a><\/li>\n<li><a class=\"wp-block-latest-posts__post-title\" href=\"https:\/\/mat.uab.cat\/web\/tfg\/retrats-de-fase-potencialment-realitzables-per-sistemes-diferencials-quadratics-de-codimensio-2-amb-dues-connexions-de-separatrius\/\">Retrats de fase potencialment realitzables per sistemes diferencials quadr\u00e0tics de codimensi\u00f3 2 amb dues connexions de separatrius.<\/a><\/li>\n<li><a class=\"wp-block-latest-posts__post-title\" href=\"https:\/\/mat.uab.cat\/web\/tfg\/sistemes-dinamics-a-traves-de-transformers\/\">Sistemes din\u00e0mics a trav\u00e9s de transformers<\/a><\/li>\n<li><a class=\"wp-block-latest-posts__post-title\" href=\"https:\/\/mat.uab.cat\/web\/tfg\/superficies-minimes-i-la-representacio-de-weierstrass\/\">Superf\u00edcies m\u00ednimes i la representaci\u00f3 de Weierstrass.<\/a><\/li>\n<li><a class=\"wp-block-latest-posts__post-title\" href=\"https:\/\/mat.uab.cat\/web\/tfg\/teorema-del-punt-fix-de-brouwer-i-aplicacions\/\">Teorema del punt fix de Brouwer i aplicacions<\/a><\/li>\n<li><a class=\"wp-block-latest-posts__post-title\" href=\"https:\/\/mat.uab.cat\/web\/tfg\/teoremes-dextensio\/\">Teoremes d\u2019extensi\u00f3<\/a><\/li>\n<li><a class=\"wp-block-latest-posts__post-title\" href=\"https:\/\/mat.uab.cat\/web\/tfg\/teoria-de-moduls-singulars\/\">Teoria de m\u00f2duls singulars<\/a><\/li>\n<li><a class=\"wp-block-latest-posts__post-title\" href=\"https:\/\/mat.uab.cat\/web\/tfg\/teoria-de-representacions-de-grups-compactes-o-finits\/\">Teoria de representacions de grups compactes o finits<\/a><\/li>\n<li><a class=\"wp-block-latest-posts__post-title\" href=\"https:\/\/mat.uab.cat\/web\/tfg\/teoria-iwasawa\/\">Teoria Iwasawa<\/a><\/li>\n<li><a class=\"wp-block-latest-posts__post-title\" href=\"https:\/\/mat.uab.cat\/web\/tfg\/tessellacions-dels-enters-i-la-conjectura-de-fuglede\/\">Tessel\u00b7lacions dels enters i la conjectura de Fuglede<\/a><\/li>\n<li><a class=\"wp-block-latest-posts__post-title\" href=\"https:\/\/mat.uab.cat\/web\/tfg\/tessellacions-dels-nombres-enters\/\">Tessel\u00b7lacions dels nombres enters<\/a><\/li>\n<li><a class=\"wp-block-latest-posts__post-title\" href=\"https:\/\/mat.uab.cat\/web\/tfg\/vortex-patches\/\">Vortex patches<\/a><\/li>\n<\/ul>","protected":false},"excerpt":{"rendered":"","protected":false},"author":72,"featured_media":0,"parent":138,"menu_order":0,"comment_status":"closed","ping_status":"closed","template":"","meta":{"footnotes":""},"class_list":["post-148","page","type-page","status-publish","hentry"],"_links":{"self":[{"href":"https:\/\/mat.uab.cat\/web\/tfg\/wp-json\/wp\/v2\/pages\/148","targetHints":{"allow":["GET"]}}],"collection":[{"href":"https:\/\/mat.uab.cat\/web\/tfg\/wp-json\/wp\/v2\/pages"}],"about":[{"href":"https:\/\/mat.uab.cat\/web\/tfg\/wp-json\/wp\/v2\/types\/page"}],"author":[{"embeddable":true,"href":"https:\/\/mat.uab.cat\/web\/tfg\/wp-json\/wp\/v2\/users\/72"}],"replies":[{"embeddable":true,"href":"https:\/\/mat.uab.cat\/web\/tfg\/wp-json\/wp\/v2\/comments?post=148"}],"version-history":[{"count":3,"href":"https:\/\/mat.uab.cat\/web\/tfg\/wp-json\/wp\/v2\/pages\/148\/revisions"}],"predecessor-version":[{"id":151,"href":"https:\/\/mat.uab.cat\/web\/tfg\/wp-json\/wp\/v2\/pages\/148\/revisions\/151"}],"up":[{"embeddable":true,"href":"https:\/\/mat.uab.cat\/web\/tfg\/wp-json\/wp\/v2\/pages\/138"}],"wp:attachment":[{"href":"https:\/\/mat.uab.cat\/web\/tfg\/wp-json\/wp\/v2\/media?parent=148"}],"curies":[{"name":"wp","href":"https:\/\/api.w.org\/{rel}","templated":true}]}}