{"id":20,"date":"2025-06-09T10:30:00","date_gmt":"2025-06-09T09:30:00","guid":{"rendered":"https:\/\/mat.uab.cat\/web\/tfg\/?page_id=20"},"modified":"2026-03-13T11:46:50","modified_gmt":"2026-03-13T10:46:50","slug":"com-fer-servir-aquest-web","status":"publish","type":"page","link":"https:\/\/mat.uab.cat\/web\/tfg\/","title":{"rendered":"Informaci\u00f3"},"content":{"rendered":"\n<p>En aquesta p\u00e0gina pots trobar les propostes de temes i l\u00ednies tem\u00e0tiques per al TFG del Grau en Matem\u00e0tiques.<\/p>\n\n\n\n<p>Mitjan\u00e7ant els men\u00fas pots accedir a Propostes per \u00e0rea i Propostes per tutor\/a. Tamb\u00e9 pots accedir a Totes les propostes (en ordre al\u00b7leatori o alfab\u00e8tic) o cercar mitjan\u00e7ant el men\u00fa inferior.<\/p>\n\n\n\n<p>Al final de cada proposta, veur\u00e0s el nom del tutor\/a. Pots contactar-li directament escrivint un correu electr\u00f2nic a l&#8217;adre\u00e7a que trobar\u00e0s al <a href=\"https:\/\/www.uab.cat\/ca\/matematiques\/personal\" target=\"_blank\" rel=\"noreferrer noopener\">directori <\/a><a href=\"https:\/\/www.uab.cat\/ca\/matematiques\/personal\">del departament<\/a>.<\/p>\n\n\n\n<p>Aquesta \u00e9s un p\u00e0gina din\u00e0mica: nous temes poden apar\u00e8ixer i alguns temes poden desapar\u00e8ixer si ja no estan disponibles.<\/p>\n\n\n\n<p>\u00c9s important que en tot moment tingues present la <a href=\"https:\/\/guies.uab.cat\/guies_docents\/public\/portal\/html\/2025\/assignatura\/100108\/ca\" target=\"_blank\" rel=\"noreferrer noopener\">guia docent de l&#8217;assignatura<\/a>.<\/p>\n","protected":false},"excerpt":{"rendered":"<p>En aquesta p\u00e0gina pots trobar les propostes de temes i l\u00ednies tem\u00e0tiques per al TFG del Grau en Matem\u00e0tiques. Mitjan\u00e7ant els men\u00fas pots accedir a Propostes per \u00e0rea i Propostes per tutor\/a. Tamb\u00e9 pots accedir a Totes les propostes (en ordre al\u00b7leatori o alfab\u00e8tic) o cercar mitjan\u00e7ant el men\u00fa inferior. Al final de cada proposta, [&hellip;]<\/p>\n","protected":false},"author":54,"featured_media":0,"parent":0,"menu_order":0,"comment_status":"closed","ping_status":"closed","template":"","meta":{"footnotes":""},"class_list":["post-20","page","type-page","status-publish","hentry"],"_links":{"self":[{"href":"https:\/\/mat.uab.cat\/web\/tfg\/wp-json\/wp\/v2\/pages\/20","targetHints":{"allow":["GET"]}}],"collection":[{"href":"https:\/\/mat.uab.cat\/web\/tfg\/wp-json\/wp\/v2\/pages"}],"about":[{"href":"https:\/\/mat.uab.cat\/web\/tfg\/wp-json\/wp\/v2\/types\/page"}],"author":[{"embeddable":true,"href":"https:\/\/mat.uab.cat\/web\/tfg\/wp-json\/wp\/v2\/users\/54"}],"replies":[{"embeddable":true,"href":"https:\/\/mat.uab.cat\/web\/tfg\/wp-json\/wp\/v2\/comments?post=20"}],"version-history":[{"count":9,"href":"https:\/\/mat.uab.cat\/web\/tfg\/wp-json\/wp\/v2\/pages\/20\/revisions"}],"predecessor-version":[{"id":694,"href":"https:\/\/mat.uab.cat\/web\/tfg\/wp-json\/wp\/v2\/pages\/20\/revisions\/694"}],"wp:attachment":[{"href":"https:\/\/mat.uab.cat\/web\/tfg\/wp-json\/wp\/v2\/media?parent=20"}],"curies":[{"name":"wp","href":"https:\/\/api.w.org\/{rel}","templated":true}]}}