{"id":164,"date":"2022-02-04T13:28:32","date_gmt":"2022-02-04T13:28:32","guid":{"rendered":"https:\/\/mat.uab.cat\/web\/trillo\/?page_id=164"},"modified":"2024-06-03T11:02:52","modified_gmt":"2024-06-03T11:02:52","slug":"inicio","status":"publish","type":"page","link":"https:\/\/mat.uab.cat\/web\/trillo\/","title":{"rendered":"Sobre m\u00ed"},"content":{"rendered":"\n<div class=\"wp-block-columns is-layout-flex wp-container-core-columns-is-layout-9d6595d7 wp-block-columns-is-layout-flex\">\n<div class=\"wp-block-column is-layout-flow wp-block-column-is-layout-flow\" style=\"flex-basis:66.66%\">\n<p>Soy doctorando en Matem\u00e1ticas en la<em> Universidad Aut\u00f3noma de Barcelona<\/em>, Espa\u00f1a. Mi tesis, dirigida por <em>Gil Solanes Farr\u00e9s,<\/em>&nbsp;versa sobre la <em>Geometr\u00eda Integral<\/em> de espacio [katex] \\mathbb{C}P^{n}_{\\lambda}[\/katex].<\/p>\n<\/div>\n\n\n\n<div class=\"wp-block-column is-layout-flow wp-block-column-is-layout-flow\" style=\"flex-basis:33.33%\">\n<p><strong>Departamento de Matem\u00e1ticas<\/strong><br \/>Facultad de Ciencias<br \/>Despacho C1\/-162<br \/>Universidad Aut\u00f3noma de Barcelona, Espa\u00f1a<br \/>08193 Bellaterra<br \/>trillo@mat.uab.cat<\/p>\n<\/div>\n<\/div>\n","protected":false},"excerpt":{"rendered":"<p>Soy doctorando en Matem\u00e1ticas en la Universidad Aut\u00f3noma de Barcelona, Espa\u00f1a. Mi tesis, dirigida por Gil Solanes Farr\u00e9s,&nbsp;versa sobre la Geometr\u00eda Integral de espacio [katex] \\mathbb{C}P^{n}_{\\lambda}[\/katex]. Departamento de Matem\u00e1ticasFacultad de CienciasDespacho C1\/-162Universidad Aut\u00f3noma de Barcelona, Espa\u00f1a08193 Bellaterratrillo@mat.uab.cat<\/p>\n","protected":false},"author":33,"featured_media":0,"parent":0,"menu_order":0,"comment_status":"closed","ping_status":"closed","template":"","meta":{"footnotes":""},"class_list":["post-164","page","type-page","status-publish","hentry"],"_links":{"self":[{"href":"https:\/\/mat.uab.cat\/web\/trillo\/wp-json\/wp\/v2\/pages\/164","targetHints":{"allow":["GET"]}}],"collection":[{"href":"https:\/\/mat.uab.cat\/web\/trillo\/wp-json\/wp\/v2\/pages"}],"about":[{"href":"https:\/\/mat.uab.cat\/web\/trillo\/wp-json\/wp\/v2\/types\/page"}],"author":[{"embeddable":true,"href":"https:\/\/mat.uab.cat\/web\/trillo\/wp-json\/wp\/v2\/users\/33"}],"replies":[{"embeddable":true,"href":"https:\/\/mat.uab.cat\/web\/trillo\/wp-json\/wp\/v2\/comments?post=164"}],"version-history":[{"count":4,"href":"https:\/\/mat.uab.cat\/web\/trillo\/wp-json\/wp\/v2\/pages\/164\/revisions"}],"predecessor-version":[{"id":307,"href":"https:\/\/mat.uab.cat\/web\/trillo\/wp-json\/wp\/v2\/pages\/164\/revisions\/307"}],"wp:attachment":[{"href":"https:\/\/mat.uab.cat\/web\/trillo\/wp-json\/wp\/v2\/media?parent=164"}],"curies":[{"name":"wp","href":"https:\/\/api.w.org\/{rel}","templated":true}]}}